{"id":3,"date":"2025-07-06T15:11:08","date_gmt":"2025-07-06T15:11:08","guid":{"rendered":"https:\/\/staging.weddingart.info\/?page_id=3"},"modified":"2025-07-13T20:40:25","modified_gmt":"2025-07-13T20:40:25","slug":"gizlilik-politikasi","status":"publish","type":"page","link":"https:\/\/weddingart.info\/index.php\/gizlilik-politikasi\/","title":{"rendered":"Gizlilik Politikas\u0131"},"content":{"rendered":"\n\n\n\n\n<p class=\"has-text-align-center\"><strong>Siz hayalinizdeki g\u00fcn\u00fc planlarken, biz de bilgilerinizin gizlili\u011fini ayn\u0131 \u00f6zenle koruyoruz.<\/strong> Bu gizlilik politikas\u0131, web sitemizi ziyaret etti\u011finizde hangi bilgileri toplad\u0131\u011f\u0131m\u0131z\u0131, nas\u0131l kulland\u0131\u011f\u0131m\u0131z\u0131 ve verilerinizi nas\u0131l g\u00fcvende tuttu\u011fumuzu a\u00e7\u0131klar.<\/p>\n\n\n\n<h2 class=\"wp-block-heading has-text-align-center\">\ud83d\udccc Biz Kimiz?<\/h2>\n\n\n\n<p class=\"has-text-align-center\">Web sitemizin adresi: https:\/\/weddingart.info<\/p>\n\n\n\n<h2 class=\"wp-block-heading has-text-align-center\">\ud83d\udcac Yorumlar<\/h2>\n\n\n\n<p class=\"has-text-align-center\">Ziyaret\u00e7iler sitede yorum b\u0131rakt\u0131\u011f\u0131nda, yorum formundaki verilerle birlikte IP adresi ve taray\u0131c\u0131 kullan\u0131c\u0131 bilgileri de istenmeyen yorumlar\u0131 engellemek amac\u0131yla toplan\u0131r.<\/p>\n\n\n\n<p class=\"has-text-align-center\">E-posta adresinizden olu\u015fturulan anonimle\u015ftirilmi\u015f bir dize (hash), Gravatar hizmeti ile payla\u015f\u0131labilir. Gravatar gizlilik politikas\u0131na buradan ula\u015fabilirsiniz. Yorumunuz onayland\u0131\u011f\u0131nda, varsa profil foto\u011fraf\u0131n\u0131z, yorumla birlikte herkese a\u00e7\u0131k olarak g\u00f6r\u00fcnt\u00fclenir.<\/p>\n\n\n\n<h2 class=\"wp-block-heading has-text-align-center\">\ud83d\uddbc\ufe0f Medya<\/h2>\n\n\n\n<p class=\"has-text-align-center\">Web sitemize g\u00f6rsel y\u00fcklerseniz, foto\u011fraflarda konum verisi (EXIF GPS) bulunmamas\u0131na dikkat edin. Ziyaret\u00e7iler sitedeki g\u00f6rsellerden bu t\u00fcr verileri indirebilir ve \u00e7\u0131karabilir.<\/p>\n\n\n\n<h2 class=\"wp-block-heading has-text-align-center\">\ud83c\udf6a \u00c7erezler<\/h2>\n\n\n\n<p class=\"has-text-align-center\">Sitemizde yorum b\u0131rak\u0131rsan\u0131z, ad\u0131n\u0131z, e-posta adresiniz ve web siteniz taray\u0131c\u0131 \u00e7erezlerinde saklanabilir. Bu sadece sonraki yorumlar\u0131n\u0131zda bilgileri yeniden yazmaman\u0131z i\u00e7in kolayl\u0131k sa\u011flar. Bu \u00e7erezler bir y\u0131l boyunca ge\u00e7erlidir.<\/p>\n\n\n\n<p class=\"has-text-align-center\">Giri\u015f sayfam\u0131z\u0131 ziyaret etti\u011finizde, taray\u0131c\u0131n\u0131z\u0131n \u00e7erezleri kabul edip etmedi\u011fini kontrol etmek i\u00e7in ge\u00e7ici bir \u00e7erez ayarlan\u0131r. Bu \u00e7erez ki\u015fisel veri i\u00e7ermez ve taray\u0131c\u0131 kapat\u0131ld\u0131\u011f\u0131nda silinir.<\/p>\n\n\n\n<p class=\"has-text-align-center\">Giri\u015f yapt\u0131\u011f\u0131n\u0131zda, oturum bilgilerinizi ve ekran ayarlar\u0131n\u0131z\u0131 kaydetmek i\u00e7in \u00e7e\u015fitli \u00e7erezler ayarlan\u0131r. Giri\u015f \u00e7erezleri 2 g\u00fcn, ekran tercihleri \u00e7erezi ise 1 y\u0131l ge\u00e7erlidir. \u201cBeni Hat\u0131rla\u201d se\u00e7ene\u011fini i\u015faretlerseniz, giri\u015f oturumunuz 2 hafta boyunca a\u00e7\u0131k kal\u0131r. Oturumu kapatt\u0131\u011f\u0131n\u0131zda giri\u015f \u00e7erezleri silinir.<\/p>\n\n\n\n<p class=\"has-text-align-center\">Bir yaz\u0131y\u0131 d\u00fczenledi\u011finizde veya yay\u0131mlad\u0131\u011f\u0131n\u0131zda, taray\u0131c\u0131n\u0131za ek bir \u00e7erez kaydedilir. Bu \u00e7erez ki\u015fisel bilgi i\u00e7ermez, sadece d\u00fczenlenen i\u00e7eri\u011fin yaz\u0131 ID\u2019sini g\u00f6sterir ve 1 g\u00fcn sonra s\u00fcresi dolar.<\/p>\n\n\n\n<h2 class=\"wp-block-heading has-text-align-center\">\ud83c\udf10 Di\u011fer Sitelerden G\u00f6m\u00fcl\u00fc \u0130\u00e7erikler<\/h2>\n\n\n\n<p class=\"has-text-align-center\">Bu sitedeki yaz\u0131lar, g\u00f6m\u00fcl\u00fc i\u00e7erik (\u00f6rne\u011fin videolar, g\u00f6rseller, makaleler vb.) i\u00e7erebilir. Di\u011fer web sitelerinden al\u0131nan g\u00f6m\u00fcl\u00fc i\u00e7erikler, ziyaret\u00e7i o siteyi ziyaret etmi\u015f gibi davran\u0131r.<\/p>\n\n\n\n<p class=\"has-text-align-center\">Bu web siteleri, hakk\u0131n\u0131zda veri toplayabilir, \u00e7erez kullanabilir, \u00fc\u00e7\u00fcnc\u00fc taraf izleme ara\u00e7lar\u0131n\u0131 g\u00f6mebilir ve o i\u00e7erikle olan etkile\u015fiminizi takip edebilir. E\u011fer oturumunuz a\u00e7\u0131kken bu i\u00e7eriklerle etkile\u015fime girerseniz, bu izleme verileri hesab\u0131n\u0131zla e\u015fle\u015febilir.<\/p>\n\n\n\n<h2 class=\"wp-block-heading has-text-align-center\">\ud83d\udd10 Verilerinizi Kimlerle Payla\u015f\u0131yoruz<\/h2>\n\n\n\n<p class=\"has-text-align-center\">\u015eifre s\u0131f\u0131rlama talebinde bulunman\u0131z h\u00e2linde, IP adresiniz s\u0131f\u0131rlama e-postas\u0131na eklenir.<\/p>\n\n\n\n<h2 class=\"wp-block-heading has-text-align-center\">\u23f3 Verilerinizi Ne Kadar S\u00fcre Sakl\u0131yoruz?<\/h2>\n\n\n\n<p class=\"has-text-align-center\">Yorum b\u0131rak\u0131rsan\u0131z, yorum ve ili\u015fkili verileri s\u00fcresiz olarak saklar\u0131z. Bu, sonraki yorumlar\u0131n otomatik olarak onaylanmas\u0131n\u0131 kolayla\u015ft\u0131r\u0131r.<\/p>\n\n\n\n<p class=\"has-text-align-center\">Sitemize kay\u0131tl\u0131 kullan\u0131c\u0131lar varsa, kullan\u0131c\u0131 profillerinde sa\u011flad\u0131klar\u0131 ki\u015fisel bilgiler de saklan\u0131r. T\u00fcm kullan\u0131c\u0131lar, bilgilerini istedikleri zaman g\u00f6rebilir, d\u00fczenleyebilir veya silebilir (kullan\u0131c\u0131 adlar\u0131 hari\u00e7). Web site y\u00f6neticileri bu bilgilere eri\u015febilir ve d\u00fczenleyebilir.<\/p>\n\n\n\n<h2 class=\"wp-block-heading has-text-align-center\">\ud83c\udf9b\ufe0f Verileriniz \u00dczerindeki Haklar\u0131n\u0131z<\/h2>\n\n\n\n<p class=\"has-text-align-center\">Bu sitede bir hesab\u0131n\u0131z varsa veya yorum yapt\u0131ysan\u0131z, hakk\u0131n\u0131zda tuttu\u011fumuz verilerin d\u0131\u015fa aktar\u0131lm\u0131\u015f bir dosyas\u0131n\u0131 talep edebilirsiniz. Ayr\u0131ca bu verilerin silinmesini isteyebilirsiniz. Ancak bu durum, yasal veya g\u00fcvenlik ama\u00e7l\u0131 tutulmas\u0131 zorunlu veriler i\u00e7in ge\u00e7erli de\u011fildir.<\/p>\n\n\n\n<h2 class=\"wp-block-heading has-text-align-center\">\ud83d\udd0d Verileriniz Nereye G\u00f6nderiliyor?<\/h2>\n\n\n\n<p class=\"has-text-align-center\">Ziyaret\u00e7i yorumlar\u0131 otomatik spam tespit hizmeti arac\u0131l\u0131\u011f\u0131yla kontrol edilebilir.<\/p>\n\n\n\n<p class=\"has-text-align-center\"><strong>Sorular\u0131n\u0131z varsa ya da ki\u015fisel verilerinizle ilgili bir talepte bulunmak isterseniz, l\u00fctfen bizimle ileti\u015fime ge\u00e7in.<\/strong> <\/p>\n\n\n\n<p class=\"has-text-align-center\">G\u00f6nl\u00fcn\u00fcz rahat, an\u0131lar\u0131n\u0131z g\u00fcvende olsun. \ud83e\udd0d<\/p>\n\n\n","protected":false},"excerpt":{"rendered":"<p>Siz hayalinizdeki g\u00fcn\u00fc planlarken, biz de bilgilerinizin gizlili\u011fini ayn\u0131 \u00f6zenle koruyoruz. Bu gizlilik politikas\u0131, web sitemizi ziyaret etti\u011finizde hangi bilgileri toplad\u0131\u011f\u0131m\u0131z\u0131, nas\u0131l kulland\u0131\u011f\u0131m\u0131z\u0131 ve verilerinizi nas\u0131l g\u00fcvende tuttu\u011fumuzu a\u00e7\u0131klar. \ud83d\udccc Biz Kimiz? Web sitemizin adresi: https:\/\/weddingart.info \ud83d\udcac Yorumlar Ziyaret\u00e7iler sitede yorum b\u0131rakt\u0131\u011f\u0131nda, yorum formundaki verilerle birlikte IP adresi ve taray\u0131c\u0131 kullan\u0131c\u0131 bilgileri de istenmeyen yorumlar\u0131 [&hellip;]<\/p>\n","protected":false},"author":1,"featured_media":0,"parent":0,"menu_order":0,"comment_status":"closed","ping_status":"open","template":"","meta":{"saved_in_kubio":true,"footnotes":""},"class_list":["post-3","page","type-page","status-publish","hentry"],"kubio_ai_page_context":{"short_desc":"","purpose":"general"},"yoast_head":"<!-- This site is optimized with the Yoast SEO plugin v25.4 - https:\/\/yoast.com\/wordpress\/plugins\/seo\/ -->\n<title>Gizlilik Politikas\u0131 - Wedding Art<\/title>\n<meta name=\"description\" content=\"Ziyaret\u00e7i bilgileriniz bizim i\u00e7in de\u011ferlidir. Wedding Art olarak, ki\u015fisel verilerinizi nas\u0131l toplad\u0131\u011f\u0131m\u0131z\u0131, kulland\u0131\u011f\u0131m\u0131z\u0131 ve korudu\u011fumuzu gizlilik politikam\u0131zda \u015feffafl\u0131kla a\u00e7\u0131kl\u0131yoruz.\" \/>\n<meta name=\"robots\" content=\"index, follow, max-snippet:-1, max-image-preview:large, max-video-preview:-1\" \/>\n<link rel=\"canonical\" href=\"https:\/\/weddingart.info\/index.php\/gizlilik-politikasi\/\" \/>\n<meta property=\"og:locale\" content=\"tr_TR\" \/>\n<meta property=\"og:type\" content=\"article\" \/>\n<meta property=\"og:title\" content=\"Gizlilik Politikas\u0131 - Wedding Art\" \/>\n<meta property=\"og:description\" content=\"Ziyaret\u00e7i bilgileriniz bizim i\u00e7in de\u011ferlidir. Wedding Art olarak, ki\u015fisel verilerinizi nas\u0131l toplad\u0131\u011f\u0131m\u0131z\u0131, kulland\u0131\u011f\u0131m\u0131z\u0131 ve korudu\u011fumuzu gizlilik politikam\u0131zda \u015feffafl\u0131kla a\u00e7\u0131kl\u0131yoruz.\" \/>\n<meta property=\"og:url\" content=\"https:\/\/weddingart.info\/index.php\/gizlilik-politikasi\/\" \/>\n<meta property=\"og:site_name\" content=\"Wedding Art\" \/>\n<meta property=\"article:modified_time\" content=\"2025-07-13T20:40:25+00:00\" \/>\n<meta name=\"twitter:card\" content=\"summary_large_image\" \/>\n<script type=\"application\/ld+json\" class=\"yoast-schema-graph\">{\"@context\":\"https:\/\/schema.org\",\"@graph\":[{\"@type\":\"WebPage\",\"@id\":\"https:\/\/weddingart.info\/index.php\/gizlilik-politikasi\/\",\"url\":\"https:\/\/weddingart.info\/index.php\/gizlilik-politikasi\/\",\"name\":\"Gizlilik Politikas\u0131 - Wedding Art\",\"isPartOf\":{\"@id\":\"https:\/\/weddingart.info\/#website\"},\"datePublished\":\"2025-07-06T15:11:08+00:00\",\"dateModified\":\"2025-07-13T20:40:25+00:00\",\"description\":\"Ziyaret\u00e7i bilgileriniz bizim i\u00e7in de\u011ferlidir. Wedding Art olarak, ki\u015fisel verilerinizi nas\u0131l toplad\u0131\u011f\u0131m\u0131z\u0131, kulland\u0131\u011f\u0131m\u0131z\u0131 ve korudu\u011fumuzu gizlilik politikam\u0131zda \u015feffafl\u0131kla a\u00e7\u0131kl\u0131yoruz.\",\"breadcrumb\":{\"@id\":\"https:\/\/weddingart.info\/index.php\/gizlilik-politikasi\/#breadcrumb\"},\"inLanguage\":\"tr\",\"potentialAction\":[{\"@type\":\"ReadAction\",\"target\":[\"https:\/\/weddingart.info\/index.php\/gizlilik-politikasi\/\"]}]},{\"@type\":\"BreadcrumbList\",\"@id\":\"https:\/\/weddingart.info\/index.php\/gizlilik-politikasi\/#breadcrumb\",\"itemListElement\":[{\"@type\":\"ListItem\",\"position\":1,\"name\":\"Anasayfa\",\"item\":\"https:\/\/weddingart.info\/\"},{\"@type\":\"ListItem\",\"position\":2,\"name\":\"Gizlilik Politikas\u0131\"}]},{\"@type\":\"WebSite\",\"@id\":\"https:\/\/weddingart.info\/#website\",\"url\":\"https:\/\/weddingart.info\/\",\"name\":\"Wedding Art\",\"description\":\"Hayat\u0131n\u0131z\u0131n En \u00d6zel G\u00fcn\u00fc, Bizimle G\u00fcvende\",\"publisher\":{\"@id\":\"https:\/\/weddingart.info\/#organization\"},\"potentialAction\":[{\"@type\":\"SearchAction\",\"target\":{\"@type\":\"EntryPoint\",\"urlTemplate\":\"https:\/\/weddingart.info\/?s={search_term_string}\"},\"query-input\":{\"@type\":\"PropertyValueSpecification\",\"valueRequired\":true,\"valueName\":\"search_term_string\"}}],\"inLanguage\":\"tr\"},{\"@type\":\"Organization\",\"@id\":\"https:\/\/weddingart.info\/#organization\",\"name\":\"Wedding Art\",\"url\":\"https:\/\/weddingart.info\/\",\"logo\":{\"@type\":\"ImageObject\",\"inLanguage\":\"tr\",\"@id\":\"https:\/\/weddingart.info\/#\/schema\/logo\/image\/\",\"url\":\"https:\/\/weddingart.info\/wp-content\/uploads\/2025\/07\/favicon-removebg-preview.png\",\"contentUrl\":\"https:\/\/weddingart.info\/wp-content\/uploads\/2025\/07\/favicon-removebg-preview.png\",\"width\":500,\"height\":500,\"caption\":\"Wedding Art\"},\"image\":{\"@id\":\"https:\/\/weddingart.info\/#\/schema\/logo\/image\/\"},\"sameAs\":[\"https:\/\/www.instagram.com\/weddingart__?igsh=Zzh0NTZhemoyNjh2\",\"http:\/\/wa.link\/jh6006\"]}]}<\/script>\n<!-- \/ Yoast SEO plugin. -->","yoast_head_json":{"title":"Gizlilik Politikas\u0131 - Wedding Art","description":"Ziyaret\u00e7i bilgileriniz bizim i\u00e7in de\u011ferlidir. Wedding Art olarak, ki\u015fisel verilerinizi nas\u0131l toplad\u0131\u011f\u0131m\u0131z\u0131, kulland\u0131\u011f\u0131m\u0131z\u0131 ve korudu\u011fumuzu gizlilik politikam\u0131zda \u015feffafl\u0131kla a\u00e7\u0131kl\u0131yoruz.","robots":{"index":"index","follow":"follow","max-snippet":"max-snippet:-1","max-image-preview":"max-image-preview:large","max-video-preview":"max-video-preview:-1"},"canonical":"https:\/\/weddingart.info\/index.php\/gizlilik-politikasi\/","og_locale":"tr_TR","og_type":"article","og_title":"Gizlilik Politikas\u0131 - Wedding Art","og_description":"Ziyaret\u00e7i bilgileriniz bizim i\u00e7in de\u011ferlidir. Wedding Art olarak, ki\u015fisel verilerinizi nas\u0131l toplad\u0131\u011f\u0131m\u0131z\u0131, kulland\u0131\u011f\u0131m\u0131z\u0131 ve korudu\u011fumuzu gizlilik politikam\u0131zda \u015feffafl\u0131kla a\u00e7\u0131kl\u0131yoruz.","og_url":"https:\/\/weddingart.info\/index.php\/gizlilik-politikasi\/","og_site_name":"Wedding Art","article_modified_time":"2025-07-13T20:40:25+00:00","twitter_card":"summary_large_image","schema":{"@context":"https:\/\/schema.org","@graph":[{"@type":"WebPage","@id":"https:\/\/weddingart.info\/index.php\/gizlilik-politikasi\/","url":"https:\/\/weddingart.info\/index.php\/gizlilik-politikasi\/","name":"Gizlilik Politikas\u0131 - Wedding Art","isPartOf":{"@id":"https:\/\/weddingart.info\/#website"},"datePublished":"2025-07-06T15:11:08+00:00","dateModified":"2025-07-13T20:40:25+00:00","description":"Ziyaret\u00e7i bilgileriniz bizim i\u00e7in de\u011ferlidir. Wedding Art olarak, ki\u015fisel verilerinizi nas\u0131l toplad\u0131\u011f\u0131m\u0131z\u0131, kulland\u0131\u011f\u0131m\u0131z\u0131 ve korudu\u011fumuzu gizlilik politikam\u0131zda \u015feffafl\u0131kla a\u00e7\u0131kl\u0131yoruz.","breadcrumb":{"@id":"https:\/\/weddingart.info\/index.php\/gizlilik-politikasi\/#breadcrumb"},"inLanguage":"tr","potentialAction":[{"@type":"ReadAction","target":["https:\/\/weddingart.info\/index.php\/gizlilik-politikasi\/"]}]},{"@type":"BreadcrumbList","@id":"https:\/\/weddingart.info\/index.php\/gizlilik-politikasi\/#breadcrumb","itemListElement":[{"@type":"ListItem","position":1,"name":"Anasayfa","item":"https:\/\/weddingart.info\/"},{"@type":"ListItem","position":2,"name":"Gizlilik Politikas\u0131"}]},{"@type":"WebSite","@id":"https:\/\/weddingart.info\/#website","url":"https:\/\/weddingart.info\/","name":"Wedding Art","description":"Hayat\u0131n\u0131z\u0131n En \u00d6zel G\u00fcn\u00fc, Bizimle G\u00fcvende","publisher":{"@id":"https:\/\/weddingart.info\/#organization"},"potentialAction":[{"@type":"SearchAction","target":{"@type":"EntryPoint","urlTemplate":"https:\/\/weddingart.info\/?s={search_term_string}"},"query-input":{"@type":"PropertyValueSpecification","valueRequired":true,"valueName":"search_term_string"}}],"inLanguage":"tr"},{"@type":"Organization","@id":"https:\/\/weddingart.info\/#organization","name":"Wedding Art","url":"https:\/\/weddingart.info\/","logo":{"@type":"ImageObject","inLanguage":"tr","@id":"https:\/\/weddingart.info\/#\/schema\/logo\/image\/","url":"https:\/\/weddingart.info\/wp-content\/uploads\/2025\/07\/favicon-removebg-preview.png","contentUrl":"https:\/\/weddingart.info\/wp-content\/uploads\/2025\/07\/favicon-removebg-preview.png","width":500,"height":500,"caption":"Wedding Art"},"image":{"@id":"https:\/\/weddingart.info\/#\/schema\/logo\/image\/"},"sameAs":["https:\/\/www.instagram.com\/weddingart__?igsh=Zzh0NTZhemoyNjh2","http:\/\/wa.link\/jh6006"]}]}},"_links":{"self":[{"href":"https:\/\/weddingart.info\/index.php\/wp-json\/wp\/v2\/pages\/3","targetHints":{"allow":["GET"]}}],"collection":[{"href":"https:\/\/weddingart.info\/index.php\/wp-json\/wp\/v2\/pages"}],"about":[{"href":"https:\/\/weddingart.info\/index.php\/wp-json\/wp\/v2\/types\/page"}],"author":[{"embeddable":true,"href":"https:\/\/weddingart.info\/index.php\/wp-json\/wp\/v2\/users\/1"}],"replies":[{"embeddable":true,"href":"https:\/\/weddingart.info\/index.php\/wp-json\/wp\/v2\/comments?post=3"}],"version-history":[{"count":8,"href":"https:\/\/weddingart.info\/index.php\/wp-json\/wp\/v2\/pages\/3\/revisions"}],"predecessor-version":[{"id":133,"href":"https:\/\/weddingart.info\/index.php\/wp-json\/wp\/v2\/pages\/3\/revisions\/133"}],"wp:attachment":[{"href":"https:\/\/weddingart.info\/index.php\/wp-json\/wp\/v2\/media?parent=3"}],"curies":[{"name":"wp","href":"https:\/\/api.w.org\/{rel}","templated":true}]}}