{"id":151,"date":"2025-07-07T16:01:41","date_gmt":"2025-07-07T16:01:41","guid":{"rendered":"https:\/\/staging.weddingart.info\/index.php\/galeri\/"},"modified":"2025-07-13T20:40:16","modified_gmt":"2025-07-13T20:40:16","slug":"galeri","status":"publish","type":"page","link":"https:\/\/weddingart.info\/index.php\/galeri\/","title":{"rendered":"Galeri"},"content":{"rendered":"\n\n\n\n","protected":false},"excerpt":{"rendered":"","protected":false},"author":1,"featured_media":0,"parent":0,"menu_order":0,"comment_status":"closed","ping_status":"closed","template":"full-width","meta":{"saved_in_kubio":true,"footnotes":""},"class_list":["post-151","page","type-page","status-publish","hentry"],"kubio_ai_page_context":{"short_desc":"","purpose":"general"},"yoast_head":"<!-- This site is optimized with the Yoast SEO plugin v25.4 - https:\/\/yoast.com\/wordpress\/plugins\/seo\/ -->\n<title>Galeri - Wedding Art<\/title>\n<meta name=\"description\" content=\"Zarif ve sanatsal d\u00fc\u011f\u00fcn foto\u011fraflar\u0131yla en \u00f6zel anlar\u0131n\u0131z\u0131 \u00f6l\u00fcms\u00fczle\u015ftiren ilham verici karelerimizi ke\u015ffedin.\" \/>\n<meta name=\"robots\" content=\"index, follow, max-snippet:-1, max-image-preview:large, max-video-preview:-1\" \/>\n<link rel=\"canonical\" href=\"https:\/\/weddingart.info\/index.php\/galeri\/\" \/>\n<meta property=\"og:locale\" content=\"tr_TR\" \/>\n<meta property=\"og:type\" content=\"article\" \/>\n<meta property=\"og:title\" content=\"Galeri - Wedding Art\" \/>\n<meta property=\"og:description\" content=\"Zarif ve sanatsal d\u00fc\u011f\u00fcn foto\u011fraflar\u0131yla en \u00f6zel anlar\u0131n\u0131z\u0131 \u00f6l\u00fcms\u00fczle\u015ftiren ilham verici karelerimizi ke\u015ffedin.\" \/>\n<meta property=\"og:url\" content=\"https:\/\/weddingart.info\/index.php\/galeri\/\" \/>\n<meta property=\"og:site_name\" content=\"Wedding Art\" \/>\n<meta property=\"article:modified_time\" content=\"2025-07-13T20:40:16+00:00\" \/>\n<meta name=\"twitter:card\" content=\"summary_large_image\" \/>\n<script type=\"application\/ld+json\" class=\"yoast-schema-graph\">{\"@context\":\"https:\/\/schema.org\",\"@graph\":[{\"@type\":\"WebPage\",\"@id\":\"https:\/\/weddingart.info\/index.php\/galeri\/\",\"url\":\"https:\/\/weddingart.info\/index.php\/galeri\/\",\"name\":\"Galeri - Wedding Art\",\"isPartOf\":{\"@id\":\"https:\/\/weddingart.info\/#website\"},\"datePublished\":\"2025-07-07T16:01:41+00:00\",\"dateModified\":\"2025-07-13T20:40:16+00:00\",\"description\":\"Zarif ve sanatsal d\u00fc\u011f\u00fcn foto\u011fraflar\u0131yla en \u00f6zel anlar\u0131n\u0131z\u0131 \u00f6l\u00fcms\u00fczle\u015ftiren ilham verici karelerimizi ke\u015ffedin.\",\"breadcrumb\":{\"@id\":\"https:\/\/weddingart.info\/index.php\/galeri\/#breadcrumb\"},\"inLanguage\":\"tr\",\"potentialAction\":[{\"@type\":\"ReadAction\",\"target\":[\"https:\/\/weddingart.info\/index.php\/galeri\/\"]}]},{\"@type\":\"BreadcrumbList\",\"@id\":\"https:\/\/weddingart.info\/index.php\/galeri\/#breadcrumb\",\"itemListElement\":[{\"@type\":\"ListItem\",\"position\":1,\"name\":\"Anasayfa\",\"item\":\"https:\/\/weddingart.info\/\"},{\"@type\":\"ListItem\",\"position\":2,\"name\":\"Galeri\"}]},{\"@type\":\"WebSite\",\"@id\":\"https:\/\/weddingart.info\/#website\",\"url\":\"https:\/\/weddingart.info\/\",\"name\":\"Wedding Art\",\"description\":\"Hayat\u0131n\u0131z\u0131n En \u00d6zel G\u00fcn\u00fc, Bizimle G\u00fcvende\",\"publisher\":{\"@id\":\"https:\/\/weddingart.info\/#organization\"},\"potentialAction\":[{\"@type\":\"SearchAction\",\"target\":{\"@type\":\"EntryPoint\",\"urlTemplate\":\"https:\/\/weddingart.info\/?s={search_term_string}\"},\"query-input\":{\"@type\":\"PropertyValueSpecification\",\"valueRequired\":true,\"valueName\":\"search_term_string\"}}],\"inLanguage\":\"tr\"},{\"@type\":\"Organization\",\"@id\":\"https:\/\/weddingart.info\/#organization\",\"name\":\"Wedding Art\",\"url\":\"https:\/\/weddingart.info\/\",\"logo\":{\"@type\":\"ImageObject\",\"inLanguage\":\"tr\",\"@id\":\"https:\/\/weddingart.info\/#\/schema\/logo\/image\/\",\"url\":\"https:\/\/weddingart.info\/wp-content\/uploads\/2025\/07\/favicon-removebg-preview.png\",\"contentUrl\":\"https:\/\/weddingart.info\/wp-content\/uploads\/2025\/07\/favicon-removebg-preview.png\",\"width\":500,\"height\":500,\"caption\":\"Wedding Art\"},\"image\":{\"@id\":\"https:\/\/weddingart.info\/#\/schema\/logo\/image\/\"},\"sameAs\":[\"https:\/\/www.instagram.com\/weddingart__?igsh=Zzh0NTZhemoyNjh2\",\"http:\/\/wa.link\/jh6006\"]}]}<\/script>\n<!-- \/ Yoast SEO plugin. -->","yoast_head_json":{"title":"Galeri - Wedding Art","description":"Zarif ve sanatsal d\u00fc\u011f\u00fcn foto\u011fraflar\u0131yla en \u00f6zel anlar\u0131n\u0131z\u0131 \u00f6l\u00fcms\u00fczle\u015ftiren ilham verici karelerimizi ke\u015ffedin.","robots":{"index":"index","follow":"follow","max-snippet":"max-snippet:-1","max-image-preview":"max-image-preview:large","max-video-preview":"max-video-preview:-1"},"canonical":"https:\/\/weddingart.info\/index.php\/galeri\/","og_locale":"tr_TR","og_type":"article","og_title":"Galeri - Wedding Art","og_description":"Zarif ve sanatsal d\u00fc\u011f\u00fcn foto\u011fraflar\u0131yla en \u00f6zel anlar\u0131n\u0131z\u0131 \u00f6l\u00fcms\u00fczle\u015ftiren ilham verici karelerimizi ke\u015ffedin.","og_url":"https:\/\/weddingart.info\/index.php\/galeri\/","og_site_name":"Wedding Art","article_modified_time":"2025-07-13T20:40:16+00:00","twitter_card":"summary_large_image","schema":{"@context":"https:\/\/schema.org","@graph":[{"@type":"WebPage","@id":"https:\/\/weddingart.info\/index.php\/galeri\/","url":"https:\/\/weddingart.info\/index.php\/galeri\/","name":"Galeri - Wedding Art","isPartOf":{"@id":"https:\/\/weddingart.info\/#website"},"datePublished":"2025-07-07T16:01:41+00:00","dateModified":"2025-07-13T20:40:16+00:00","description":"Zarif ve sanatsal d\u00fc\u011f\u00fcn foto\u011fraflar\u0131yla en \u00f6zel anlar\u0131n\u0131z\u0131 \u00f6l\u00fcms\u00fczle\u015ftiren ilham verici karelerimizi ke\u015ffedin.","breadcrumb":{"@id":"https:\/\/weddingart.info\/index.php\/galeri\/#breadcrumb"},"inLanguage":"tr","potentialAction":[{"@type":"ReadAction","target":["https:\/\/weddingart.info\/index.php\/galeri\/"]}]},{"@type":"BreadcrumbList","@id":"https:\/\/weddingart.info\/index.php\/galeri\/#breadcrumb","itemListElement":[{"@type":"ListItem","position":1,"name":"Anasayfa","item":"https:\/\/weddingart.info\/"},{"@type":"ListItem","position":2,"name":"Galeri"}]},{"@type":"WebSite","@id":"https:\/\/weddingart.info\/#website","url":"https:\/\/weddingart.info\/","name":"Wedding Art","description":"Hayat\u0131n\u0131z\u0131n En \u00d6zel G\u00fcn\u00fc, Bizimle G\u00fcvende","publisher":{"@id":"https:\/\/weddingart.info\/#organization"},"potentialAction":[{"@type":"SearchAction","target":{"@type":"EntryPoint","urlTemplate":"https:\/\/weddingart.info\/?s={search_term_string}"},"query-input":{"@type":"PropertyValueSpecification","valueRequired":true,"valueName":"search_term_string"}}],"inLanguage":"tr"},{"@type":"Organization","@id":"https:\/\/weddingart.info\/#organization","name":"Wedding Art","url":"https:\/\/weddingart.info\/","logo":{"@type":"ImageObject","inLanguage":"tr","@id":"https:\/\/weddingart.info\/#\/schema\/logo\/image\/","url":"https:\/\/weddingart.info\/wp-content\/uploads\/2025\/07\/favicon-removebg-preview.png","contentUrl":"https:\/\/weddingart.info\/wp-content\/uploads\/2025\/07\/favicon-removebg-preview.png","width":500,"height":500,"caption":"Wedding Art"},"image":{"@id":"https:\/\/weddingart.info\/#\/schema\/logo\/image\/"},"sameAs":["https:\/\/www.instagram.com\/weddingart__?igsh=Zzh0NTZhemoyNjh2","http:\/\/wa.link\/jh6006"]}]}},"_links":{"self":[{"href":"https:\/\/weddingart.info\/index.php\/wp-json\/wp\/v2\/pages\/151","targetHints":{"allow":["GET"]}}],"collection":[{"href":"https:\/\/weddingart.info\/index.php\/wp-json\/wp\/v2\/pages"}],"about":[{"href":"https:\/\/weddingart.info\/index.php\/wp-json\/wp\/v2\/types\/page"}],"author":[{"embeddable":true,"href":"https:\/\/weddingart.info\/index.php\/wp-json\/wp\/v2\/users\/1"}],"replies":[{"embeddable":true,"href":"https:\/\/weddingart.info\/index.php\/wp-json\/wp\/v2\/comments?post=151"}],"version-history":[{"count":7,"href":"https:\/\/weddingart.info\/index.php\/wp-json\/wp\/v2\/pages\/151\/revisions"}],"predecessor-version":[{"id":220,"href":"https:\/\/weddingart.info\/index.php\/wp-json\/wp\/v2\/pages\/151\/revisions\/220"}],"wp:attachment":[{"href":"https:\/\/weddingart.info\/index.php\/wp-json\/wp\/v2\/media?parent=151"}],"curies":[{"name":"wp","href":"https:\/\/api.w.org\/{rel}","templated":true}]}}