{"id":12,"date":"2025-07-06T16:44:16","date_gmt":"2025-07-06T16:44:16","guid":{"rendered":"https:\/\/staging.weddingart.info\/index.php\/front_page\/"},"modified":"2025-07-13T20:38:02","modified_gmt":"2025-07-13T20:38:02","slug":"anasayfa","status":"publish","type":"page","link":"https:\/\/weddingart.info\/","title":{"rendered":"Anasayfa"},"content":{"rendered":"\n\n\n\n\n\n\n\n\n\n\n\n\n\n","protected":false},"excerpt":{"rendered":"","protected":false},"author":1,"featured_media":0,"parent":0,"menu_order":0,"comment_status":"closed","ping_status":"closed","template":"","meta":{"saved_in_kubio":true,"footnotes":""},"class_list":["post-12","page","type-page","status-publish","hentry"],"kubio_ai_page_context":{"short_desc":"","purpose":"general"},"yoast_head":"<!-- This site is optimized with the Yoast SEO plugin v25.4 - https:\/\/yoast.com\/wordpress\/plugins\/seo\/ -->\n<title>Anasayfa - Wedding Art<\/title>\n<meta name=\"description\" content=\"Hayalinizdeki d\u00fc\u011f\u00fcn\u00fc \u00f6l\u00fcms\u00fczle\u015ftirin. Wedding Art ile an\u0131lar\u0131n\u0131z zarafetle karelere d\u00f6n\u00fc\u015fs\u00fcn.\" \/>\n<meta name=\"robots\" content=\"index, follow, max-snippet:-1, max-image-preview:large, max-video-preview:-1\" \/>\n<link rel=\"canonical\" href=\"https:\/\/weddingart.info\/\" \/>\n<meta property=\"og:locale\" content=\"tr_TR\" \/>\n<meta property=\"og:type\" content=\"article\" \/>\n<meta property=\"og:title\" content=\"Anasayfa - Wedding Art\" \/>\n<meta property=\"og:description\" content=\"Hayalinizdeki d\u00fc\u011f\u00fcn\u00fc \u00f6l\u00fcms\u00fczle\u015ftirin. Wedding Art ile an\u0131lar\u0131n\u0131z zarafetle karelere d\u00f6n\u00fc\u015fs\u00fcn.\" \/>\n<meta property=\"og:url\" content=\"https:\/\/weddingart.info\/\" \/>\n<meta property=\"og:site_name\" content=\"Wedding Art\" \/>\n<meta property=\"article:modified_time\" content=\"2025-07-13T20:38:02+00:00\" \/>\n<meta name=\"twitter:card\" content=\"summary_large_image\" \/>\n<script type=\"application\/ld+json\" class=\"yoast-schema-graph\">{\"@context\":\"https:\/\/schema.org\",\"@graph\":[{\"@type\":\"WebPage\",\"@id\":\"https:\/\/weddingart.info\/\",\"url\":\"https:\/\/weddingart.info\/\",\"name\":\"Anasayfa - Wedding Art\",\"isPartOf\":{\"@id\":\"https:\/\/weddingart.info\/#website\"},\"datePublished\":\"2025-07-06T16:44:16+00:00\",\"dateModified\":\"2025-07-13T20:38:02+00:00\",\"description\":\"Hayalinizdeki d\u00fc\u011f\u00fcn\u00fc \u00f6l\u00fcms\u00fczle\u015ftirin. Wedding Art ile an\u0131lar\u0131n\u0131z zarafetle karelere d\u00f6n\u00fc\u015fs\u00fcn.\",\"breadcrumb\":{\"@id\":\"https:\/\/weddingart.info\/#breadcrumb\"},\"inLanguage\":\"tr\",\"potentialAction\":[{\"@type\":\"ReadAction\",\"target\":[\"https:\/\/weddingart.info\/\"]}]},{\"@type\":\"BreadcrumbList\",\"@id\":\"https:\/\/weddingart.info\/#breadcrumb\",\"itemListElement\":[{\"@type\":\"ListItem\",\"position\":1,\"name\":\"Anasayfa\",\"item\":\"https:\/\/weddingart.info\/\"},{\"@type\":\"ListItem\",\"position\":2,\"name\":\"Anasayfa\"}]},{\"@type\":\"WebSite\",\"@id\":\"https:\/\/weddingart.info\/#website\",\"url\":\"https:\/\/weddingart.info\/\",\"name\":\"Wedding Art\",\"description\":\"Hayat\u0131n\u0131z\u0131n En \u00d6zel G\u00fcn\u00fc, Bizimle G\u00fcvende\",\"publisher\":{\"@id\":\"https:\/\/weddingart.info\/#organization\"},\"potentialAction\":[{\"@type\":\"SearchAction\",\"target\":{\"@type\":\"EntryPoint\",\"urlTemplate\":\"https:\/\/weddingart.info\/?s={search_term_string}\"},\"query-input\":{\"@type\":\"PropertyValueSpecification\",\"valueRequired\":true,\"valueName\":\"search_term_string\"}}],\"inLanguage\":\"tr\"},{\"@type\":\"Organization\",\"@id\":\"https:\/\/weddingart.info\/#organization\",\"name\":\"Wedding Art\",\"url\":\"https:\/\/weddingart.info\/\",\"logo\":{\"@type\":\"ImageObject\",\"inLanguage\":\"tr\",\"@id\":\"https:\/\/weddingart.info\/#\/schema\/logo\/image\/\",\"url\":\"https:\/\/weddingart.info\/wp-content\/uploads\/2025\/07\/favicon-removebg-preview.png\",\"contentUrl\":\"https:\/\/weddingart.info\/wp-content\/uploads\/2025\/07\/favicon-removebg-preview.png\",\"width\":500,\"height\":500,\"caption\":\"Wedding Art\"},\"image\":{\"@id\":\"https:\/\/weddingart.info\/#\/schema\/logo\/image\/\"},\"sameAs\":[\"https:\/\/www.instagram.com\/weddingart__?igsh=Zzh0NTZhemoyNjh2\",\"http:\/\/wa.link\/jh6006\"]}]}<\/script>\n<!-- \/ Yoast SEO plugin. -->","yoast_head_json":{"title":"Anasayfa - Wedding Art","description":"Hayalinizdeki d\u00fc\u011f\u00fcn\u00fc \u00f6l\u00fcms\u00fczle\u015ftirin. Wedding Art ile an\u0131lar\u0131n\u0131z zarafetle karelere d\u00f6n\u00fc\u015fs\u00fcn.","robots":{"index":"index","follow":"follow","max-snippet":"max-snippet:-1","max-image-preview":"max-image-preview:large","max-video-preview":"max-video-preview:-1"},"canonical":"https:\/\/weddingart.info\/","og_locale":"tr_TR","og_type":"article","og_title":"Anasayfa - Wedding Art","og_description":"Hayalinizdeki d\u00fc\u011f\u00fcn\u00fc \u00f6l\u00fcms\u00fczle\u015ftirin. Wedding Art ile an\u0131lar\u0131n\u0131z zarafetle karelere d\u00f6n\u00fc\u015fs\u00fcn.","og_url":"https:\/\/weddingart.info\/","og_site_name":"Wedding Art","article_modified_time":"2025-07-13T20:38:02+00:00","twitter_card":"summary_large_image","schema":{"@context":"https:\/\/schema.org","@graph":[{"@type":"WebPage","@id":"https:\/\/weddingart.info\/","url":"https:\/\/weddingart.info\/","name":"Anasayfa - Wedding Art","isPartOf":{"@id":"https:\/\/weddingart.info\/#website"},"datePublished":"2025-07-06T16:44:16+00:00","dateModified":"2025-07-13T20:38:02+00:00","description":"Hayalinizdeki d\u00fc\u011f\u00fcn\u00fc \u00f6l\u00fcms\u00fczle\u015ftirin. Wedding Art ile an\u0131lar\u0131n\u0131z zarafetle karelere d\u00f6n\u00fc\u015fs\u00fcn.","breadcrumb":{"@id":"https:\/\/weddingart.info\/#breadcrumb"},"inLanguage":"tr","potentialAction":[{"@type":"ReadAction","target":["https:\/\/weddingart.info\/"]}]},{"@type":"BreadcrumbList","@id":"https:\/\/weddingart.info\/#breadcrumb","itemListElement":[{"@type":"ListItem","position":1,"name":"Anasayfa","item":"https:\/\/weddingart.info\/"},{"@type":"ListItem","position":2,"name":"Anasayfa"}]},{"@type":"WebSite","@id":"https:\/\/weddingart.info\/#website","url":"https:\/\/weddingart.info\/","name":"Wedding Art","description":"Hayat\u0131n\u0131z\u0131n En \u00d6zel G\u00fcn\u00fc, Bizimle G\u00fcvende","publisher":{"@id":"https:\/\/weddingart.info\/#organization"},"potentialAction":[{"@type":"SearchAction","target":{"@type":"EntryPoint","urlTemplate":"https:\/\/weddingart.info\/?s={search_term_string}"},"query-input":{"@type":"PropertyValueSpecification","valueRequired":true,"valueName":"search_term_string"}}],"inLanguage":"tr"},{"@type":"Organization","@id":"https:\/\/weddingart.info\/#organization","name":"Wedding Art","url":"https:\/\/weddingart.info\/","logo":{"@type":"ImageObject","inLanguage":"tr","@id":"https:\/\/weddingart.info\/#\/schema\/logo\/image\/","url":"https:\/\/weddingart.info\/wp-content\/uploads\/2025\/07\/favicon-removebg-preview.png","contentUrl":"https:\/\/weddingart.info\/wp-content\/uploads\/2025\/07\/favicon-removebg-preview.png","width":500,"height":500,"caption":"Wedding Art"},"image":{"@id":"https:\/\/weddingart.info\/#\/schema\/logo\/image\/"},"sameAs":["https:\/\/www.instagram.com\/weddingart__?igsh=Zzh0NTZhemoyNjh2","http:\/\/wa.link\/jh6006"]}]}},"_links":{"self":[{"href":"https:\/\/weddingart.info\/index.php\/wp-json\/wp\/v2\/pages\/12","targetHints":{"allow":["GET"]}}],"collection":[{"href":"https:\/\/weddingart.info\/index.php\/wp-json\/wp\/v2\/pages"}],"about":[{"href":"https:\/\/weddingart.info\/index.php\/wp-json\/wp\/v2\/types\/page"}],"author":[{"embeddable":true,"href":"https:\/\/weddingart.info\/index.php\/wp-json\/wp\/v2\/users\/1"}],"replies":[{"embeddable":true,"href":"https:\/\/weddingart.info\/index.php\/wp-json\/wp\/v2\/comments?post=12"}],"version-history":[{"count":31,"href":"https:\/\/weddingart.info\/index.php\/wp-json\/wp\/v2\/pages\/12\/revisions"}],"predecessor-version":[{"id":187,"href":"https:\/\/weddingart.info\/index.php\/wp-json\/wp\/v2\/pages\/12\/revisions\/187"}],"wp:attachment":[{"href":"https:\/\/weddingart.info\/index.php\/wp-json\/wp\/v2\/media?parent=12"}],"curies":[{"name":"wp","href":"https:\/\/api.w.org\/{rel}","templated":true}]}}